{"id":26752,"date":"2024-03-22T08:56:55","date_gmt":"2024-03-22T06:56:55","guid":{"rendered":"https:\/\/radioemanuelcrestin.ro\/?page_id=26752"},"modified":"2024-04-29T16:44:27","modified_gmt":"2024-04-29T16:44:27","slug":"ce-poti-asculta","status":"publish","type":"page","link":"https:\/\/radioemanuelcrestin.ro\/?page_id=26752","title":{"rendered":"Ce po\u021bi asculta"},"content":{"rendered":"\t\t<div data-elementor-type=\"wp-page\" data-elementor-id=\"26752\" class=\"elementor elementor-26752\">\n\t\t\t\t<div class=\"elementor-element elementor-element-60faa40 e-con-full e-flex e-con e-parent\" data-id=\"60faa40\" data-element_type=\"container\" data-settings=\"{&quot;background_background&quot;:&quot;classic&quot;}\">\n\t\t\t\t<div class=\"elementor-element elementor-element-4d64531c elementor-widget-tablet__width-inherit elementor-widget elementor-widget-heading\" data-id=\"4d64531c\" data-element_type=\"widget\" data-widget_type=\"heading.default\">\n\t\t\t\t<div class=\"elementor-widget-container\">\n\t\t\t<style>\/*! elementor - v3.21.0 - 30-04-2024 *\/\n.elementor-heading-title{padding:0;margin:0;line-height:1}.elementor-widget-heading .elementor-heading-title[class*=elementor-size-]>a{color:inherit;font-size:inherit;line-height:inherit}.elementor-widget-heading .elementor-heading-title.elementor-size-small{font-size:15px}.elementor-widget-heading .elementor-heading-title.elementor-size-medium{font-size:19px}.elementor-widget-heading .elementor-heading-title.elementor-size-large{font-size:29px}.elementor-widget-heading .elementor-heading-title.elementor-size-xl{font-size:39px}.elementor-widget-heading .elementor-heading-title.elementor-size-xxl{font-size:59px}<\/style><h1 class=\"elementor-heading-title elementor-size-default\">Radio Emanuel Crestin<\/h1>\t\t<\/div>\n\t\t\t\t<\/div>\n\t\t\t\t<div class=\"elementor-element elementor-element-520918d0 elementor-widget-tablet__width-inherit elementor-widget elementor-widget-heading\" data-id=\"520918d0\" data-element_type=\"widget\" data-widget_type=\"heading.default\">\n\t\t\t\t<div class=\"elementor-widget-container\">\n\t\t\t<h4 class=\"elementor-heading-title elementor-size-default\">\u201eMuzica care te face mai bun\u201d - \u201eHristos e aici, la Radio Emanuel Crestin!\u201d<\/h4>\t\t<\/div>\n\t\t\t\t<\/div>\n\t\t\t\t<\/div>\n\t\t<div class=\"elementor-element elementor-element-18945f7 e-con-full e-flex e-con e-parent\" data-id=\"18945f7\" data-element_type=\"container\">\n\t\t\t\t<div class=\"elementor-element elementor-element-afd661d elementor-widget elementor-widget-heading\" data-id=\"afd661d\" data-element_type=\"widget\" data-widget_type=\"heading.default\">\n\t\t\t\t<div class=\"elementor-widget-container\">\n\t\t\t<h2 class=\"elementor-heading-title elementor-size-default\">Ce po\u021bi asculta<\/h2>\t\t<\/div>\n\t\t\t\t<\/div>\n\t\t\t\t<div class=\"elementor-element elementor-element-f46e393 elementor-widget__width-initial elementor-widget elementor-widget-text-editor\" data-id=\"f46e393\" data-element_type=\"widget\" data-widget_type=\"text-editor.default\">\n\t\t\t\t<div class=\"elementor-widget-container\">\n\t\t\t<style>\/*! elementor - v3.21.0 - 30-04-2024 *\/\n.elementor-widget-text-editor.elementor-drop-cap-view-stacked .elementor-drop-cap{background-color:#69727d;color:#fff}.elementor-widget-text-editor.elementor-drop-cap-view-framed .elementor-drop-cap{color:#69727d;border:3px solid;background-color:transparent}.elementor-widget-text-editor:not(.elementor-drop-cap-view-default) .elementor-drop-cap{margin-top:8px}.elementor-widget-text-editor:not(.elementor-drop-cap-view-default) .elementor-drop-cap-letter{width:1em;height:1em}.elementor-widget-text-editor .elementor-drop-cap{float:left;text-align:center;line-height:1;font-size:50px}.elementor-widget-text-editor .elementor-drop-cap-letter{display:inline-block}<\/style>\t\t\t\t<ul><li>\u201915 Maxima zilei<\/li><li>\u201945 Versetul zilei<\/li><li>Un capitol pe zi ( Biblia audio ) | 07.00 | 22.00<\/li><li>Gandul zilei | 00.30 | 05.30 | 10.30 | 15.30 | 20.30 (luni-vineri)<\/li><li>Meditatia de Weekend | 00.30 | 05.30 | 10.30 | 15.30 | 20.30 (s\u00e2mb\u0103t\u0103-duminic\u0103)<\/li><li>Cuvantul lui Dumnezeu pentru astazi | 01.30 | 06.30 | 11.30 | 16.30 | 21.30<\/li><li>Meditatii din Cuv\u00e2nt | 02.30 | 07.30 | 12.30 | 17.30 | 22.30<\/li><li>Vitamine pentru suflet | 03.30 | 08.30 | 13.30 | 18.30 | 23.30<\/li><li>G\u00e2ndul de dimineat\u0103 | 04.30 | 09.30 | 14.30 | 19.30<\/li><\/ul>\t\t\t\t\t\t<\/div>\n\t\t\t\t<\/div>\n\t\t\t\t<div class=\"elementor-element elementor-element-db0c2dc elementor-widget elementor-widget-text-editor\" data-id=\"db0c2dc\" data-element_type=\"widget\" data-widget_type=\"text-editor.default\">\n\t\t\t\t<div class=\"elementor-widget-container\">\n\t\t\t\t\t\t\t<figure class=\"wp-block-pullquote is-style-default has-secondary-color has-text-color\"><blockquote><p>Materialele audio sunt produse in studioul nostru sau primite de la diversi colaboratori, insa misiunea noastra prioritara este sa difuzam cea mai inspirata muzica crestina contemporana!<\/p><cite>Va dorim auditie placuta si benefica pentru suflet.<\/cite><\/blockquote><\/figure>\t\t\t\t\t\t<\/div>\n\t\t\t\t<\/div>\n\t\t\t\t<\/div>\n\t\t\t\t<\/div>\n\t\t","protected":false},"excerpt":{"rendered":"<p>Radio Emanuel Crestin \u00ef\u00bf\u00bdMuzica care te face mai bun\u00ef\u00bf\u00bd &#8211; \u00ef\u00bf\u00bdHristos e aici, la Radio Emanuel Crestin!\u00ef\u00bf\u00bd Ce po?i asculta \u00ef\u00bf\u00bd15 Maxima zilei \u00ef\u00bf\u00bd45 Versetul zilei Un capitol pe zi ( Biblia audio ) | 07.00 | 22.00 Gandul zilei | 00.30 | 05.30 | 10.30 | 15.30 | 20.30 (luni-vineri) Meditatia de Weekend | [&hellip;]<\/p>\n","protected":false},"author":1,"featured_media":0,"parent":0,"menu_order":0,"comment_status":"closed","ping_status":"closed","template":"","meta":{"_surecart_dashboard_logo_width":"180px","_surecart_dashboard_show_logo":true,"_surecart_dashboard_navigation_orders":true,"_surecart_dashboard_navigation_subscriptions":true,"_surecart_dashboard_navigation_downloads":true,"_surecart_dashboard_navigation_billing":true,"_surecart_dashboard_navigation_account":true,"_uag_custom_page_level_css":"","site-sidebar-layout":"no-sidebar","site-content-layout":"page-builder","ast-site-content-layout":"full-width-container","site-content-style":"default","site-sidebar-style":"default","ast-global-header-display":"","ast-banner-title-visibility":"","ast-main-header-display":"","ast-hfb-above-header-display":"","ast-hfb-below-header-display":"","ast-hfb-mobile-header-display":"","site-post-title":"disabled","ast-breadcrumbs-content":"","ast-featured-img":"disabled","footer-sml-layout":"","theme-transparent-header-meta":"","adv-header-id-meta":"","stick-header-meta":"","header-above-stick-meta":"","header-main-stick-meta":"","header-below-stick-meta":"","astra-migrate-meta-layouts":"set","ast-page-background-enabled":"default","ast-page-background-meta":{"desktop":{"background-color":"","background-image":"","background-repeat":"repeat","background-position":"center center","background-size":"auto","background-attachment":"scroll","background-type":"","background-media":"","overlay-type":"","overlay-color":"","overlay-gradient":""},"tablet":{"background-color":"","background-image":"","background-repeat":"repeat","background-position":"center center","background-size":"auto","background-attachment":"scroll","background-type":"","background-media":"","overlay-type":"","overlay-color":"","overlay-gradient":""},"mobile":{"background-color":"","background-image":"","background-repeat":"repeat","background-position":"center center","background-size":"auto","background-attachment":"scroll","background-type":"","background-media":"","overlay-type":"","overlay-color":"","overlay-gradient":""}},"ast-content-background-meta":{"desktop":{"background-color":"var(--ast-global-color-5)","background-image":"","background-repeat":"repeat","background-position":"center center","background-size":"auto","background-attachment":"scroll","background-type":"","background-media":"","overlay-type":"","overlay-color":"","overlay-gradient":""},"tablet":{"background-color":"var(--ast-global-color-5)","background-image":"","background-repeat":"repeat","background-position":"center center","background-size":"auto","background-attachment":"scroll","background-type":"","background-media":"","overlay-type":"","overlay-color":"","overlay-gradient":""},"mobile":{"background-color":"var(--ast-global-color-5)","background-image":"","background-repeat":"repeat","background-position":"center center","background-size":"auto","background-attachment":"scroll","background-type":"","background-media":"","overlay-type":"","overlay-color":"","overlay-gradient":""}},"footnotes":""},"class_list":["post-26752","page","type-page","status-publish","hentry"],"uagb_featured_image_src":{"full":false,"thumbnail":false,"medium":false,"medium_large":false,"large":false,"1536x1536":false,"2048x2048":false,"woocommerce_thumbnail":false,"woocommerce_single":false,"woocommerce_gallery_thumbnail":false},"uagb_author_info":{"display_name":"admin","author_link":"https:\/\/radioemanuelcrestin.ro\/?author=1"},"uagb_comment_info":0,"uagb_excerpt":"Radio Emanuel Crestin \u00ef\u00bf\u00bdMuzica care te face mai bun\u00ef\u00bf\u00bd &#8211; \u00ef\u00bf\u00bdHristos e aici, la Radio Emanuel Crestin!\u00ef\u00bf\u00bd Ce po?i asculta \u00ef\u00bf\u00bd15 Maxima zilei \u00ef\u00bf\u00bd45 Versetul zilei Un capitol pe zi ( Biblia audio ) | 07.00 | 22.00 Gandul zilei | 00.30 | 05.30 | 10.30 | 15.30 | 20.30 (luni-vineri) Meditatia de Weekend |&hellip;","_links":{"self":[{"href":"https:\/\/radioemanuelcrestin.ro\/index.php?rest_route=\/wp\/v2\/pages\/26752"}],"collection":[{"href":"https:\/\/radioemanuelcrestin.ro\/index.php?rest_route=\/wp\/v2\/pages"}],"about":[{"href":"https:\/\/radioemanuelcrestin.ro\/index.php?rest_route=\/wp\/v2\/types\/page"}],"author":[{"embeddable":true,"href":"https:\/\/radioemanuelcrestin.ro\/index.php?rest_route=\/wp\/v2\/users\/1"}],"replies":[{"embeddable":true,"href":"https:\/\/radioemanuelcrestin.ro\/index.php?rest_route=%2Fwp%2Fv2%2Fcomments&post=26752"}],"version-history":[{"count":29,"href":"https:\/\/radioemanuelcrestin.ro\/index.php?rest_route=\/wp\/v2\/pages\/26752\/revisions"}],"predecessor-version":[{"id":27307,"href":"https:\/\/radioemanuelcrestin.ro\/index.php?rest_route=\/wp\/v2\/pages\/26752\/revisions\/27307"}],"wp:attachment":[{"href":"https:\/\/radioemanuelcrestin.ro\/index.php?rest_route=%2Fwp%2Fv2%2Fmedia&parent=26752"}],"curies":[{"name":"wp","href":"https:\/\/api.w.org\/{rel}","templated":true}]}}