{"id":26743,"date":"2024-03-22T08:36:45","date_gmt":"2024-03-22T06:36:45","guid":{"rendered":"https:\/\/radioemanuelcrestin.ro\/?page_id=26743"},"modified":"2024-07-02T18:01:16","modified_gmt":"2024-07-02T18:01:16","slug":"despre-noi","status":"publish","type":"page","link":"https:\/\/radioemanuelcrestin.ro\/?page_id=26743","title":{"rendered":"Despre noi"},"content":{"rendered":"\t\t<div data-elementor-type=\"wp-page\" data-elementor-id=\"26743\" class=\"elementor elementor-26743\">\n\t\t\t\t<div class=\"elementor-element elementor-element-7e46e289 e-con-full e-flex e-con e-parent\" data-id=\"7e46e289\" data-element_type=\"container\" data-settings=\"{&quot;background_background&quot;:&quot;classic&quot;}\">\n\t\t\t\t<div class=\"elementor-element elementor-element-5f87786a elementor-widget-tablet__width-inherit elementor-widget elementor-widget-heading\" data-id=\"5f87786a\" data-element_type=\"widget\" data-widget_type=\"heading.default\">\n\t\t\t\t<div class=\"elementor-widget-container\">\n\t\t\t<style>\/*! elementor - v3.21.0 - 30-04-2024 *\/\n.elementor-heading-title{padding:0;margin:0;line-height:1}.elementor-widget-heading .elementor-heading-title[class*=elementor-size-]>a{color:inherit;font-size:inherit;line-height:inherit}.elementor-widget-heading .elementor-heading-title.elementor-size-small{font-size:15px}.elementor-widget-heading .elementor-heading-title.elementor-size-medium{font-size:19px}.elementor-widget-heading .elementor-heading-title.elementor-size-large{font-size:29px}.elementor-widget-heading .elementor-heading-title.elementor-size-xl{font-size:39px}.elementor-widget-heading .elementor-heading-title.elementor-size-xxl{font-size:59px}<\/style><h1 class=\"elementor-heading-title elementor-size-default\">Radio Emanuel Crestin<\/h1>\t\t<\/div>\n\t\t\t\t<\/div>\n\t\t\t\t<div class=\"elementor-element elementor-element-227e2697 elementor-widget-tablet__width-inherit elementor-widget elementor-widget-heading\" data-id=\"227e2697\" data-element_type=\"widget\" data-widget_type=\"heading.default\">\n\t\t\t\t<div class=\"elementor-widget-container\">\n\t\t\t<h4 class=\"elementor-heading-title elementor-size-default\">\u201eMuzica care te face mai bun\u201d - \u201eHristos e aici, la Radio Emanuel Crestin!\u201d<\/h4>\t\t<\/div>\n\t\t\t\t<\/div>\n\t\t\t\t<\/div>\n\t\t<div class=\"elementor-element elementor-element-ee430d6 e-flex e-con-boxed e-con e-parent\" data-id=\"ee430d6\" data-element_type=\"container\">\n\t\t\t\t\t<div class=\"e-con-inner\">\n\t\t\t\t<div class=\"elementor-element elementor-element-ba802fd elementor-widget elementor-widget-radio_player\" data-id=\"ba802fd\" data-element_type=\"widget\" data-widget_type=\"radio_player.default\">\n\t\t\t\t<div class=\"elementor-widget-container\">\n\t\t\t<div class=\"aligncenter\"><div class=\"radio_player\" data-player-type=\"shortcode\"data-data=\"eyJpZCI6MiwidGl0bGUiOiJQbGF5ZXIgVGl0bGUiLCJzdGlja3kiOmZhbHNlLCJzdGF0dXMiOnRydWUsInNraW4iOiJza2luMiIsInN0YXRpb25zIjpbeyJ0aXRsZSI6IlJhZGlvIEVtYW51ZWwgQ3Jlc3RpbiIsInN0cmVhbSI6Imh0dHBzOlwvXC9jYXN0Ni5teS1jb250cm9sLXBhbmVsLmNvbVwvcHJveHlcL3JhZGlvX2VtYW51ZWxfY3Jlc3Rpblwvc3RyZWFtIiwidGh1bWJuYWlsIjoiaHR0cHM6XC9cL3JhZGlvZW1hbnVlbGNyZXN0aW4ucm9cL3dwLWNvbnRlbnRcL3VwbG9hZHNcLzIwMjRcLzA4XC9SYWRpby1FbWFudWVsLUNyZXN0aW5pMy5qcGcifV0sInBvcHVwX2ljb24iOmZhbHNlLCJwbGF5bGlzdF9pY29uIjpmYWxzZSwiaGlzdG9yeV9pY29uIjpmYWxzZSwidm9sdW1lX2NvbnRyb2wiOnRydWUsInBsYXllcl9zdGF0dXMiOnRydWUsInNob3dfYXJ0aXN0IjpmYWxzZSwic2hvd19hcnR3b3JrIjpmYWxzZSwicGxheWVyX3RleHQiOiJMaXN0ZW4gTGl2ZSIsIndpZHRoIjo1MzUsIndpZHRoX21vYmlsZSI6MzIwLCJib3JkZXJfcmFkaXVzIjoxMCwiYmdfY29sb3IiOiIjNTU4MUE0IiwiYmdfaW1hZ2UiOiJodHRwczpcL1wvcmFkaW9lbWFudWVsY3Jlc3Rpbi5yb1wvd3AtY29udGVudFwvcGx1Z2luc1wvcmFkaW8tcGxheWVyXC9hc3NldHNcL2ltYWdlc1wvcGxheWVyLWJnLnBuZyIsImJnX3R5cGUiOiJjb2xvciIsImNvbG9yX3R5cGUiOiJzb2xpZCIsInRleHRfY29sb3IiOiIjZmZmIiwiYm94X3NoYWRvdyI6dHJ1ZSwiYm94X3NoYWRvd19oIjowLCJib3hfc2hhZG93X3YiOjI1LCJib3hfc2hhZG93X2JsdXIiOjIwLCJib3hfc2hhZG93X3NwcmVhZCI6LTI1LCJib3hfc2hhZG93X2NvbG9yIjoicmdiYSgwLCAwLCAwLCAwLjQ1KSIsImJveF9zaGFkb3dfdHlwZSI6IiJ9\"><\/div><\/div>\t\t<\/div>\n\t\t\t\t<\/div>\n\t\t\t\t<div class=\"elementor-element elementor-element-7cebfb1 elementor-widget elementor-widget-heading\" data-id=\"7cebfb1\" data-element_type=\"widget\" data-widget_type=\"heading.default\">\n\t\t\t\t<div class=\"elementor-widget-container\">\n\t\t\t<h2 class=\"elementor-heading-title elementor-size-default\">Despre noi<\/h2>\t\t<\/div>\n\t\t\t\t<\/div>\n\t\t\t\t\t<\/div>\n\t\t\t\t<\/div>\n\t\t<div class=\"elementor-element elementor-element-ad55aa9 e-flex e-con-boxed e-con e-parent\" data-id=\"ad55aa9\" data-element_type=\"container\">\n\t\t\t\t\t<div class=\"e-con-inner\">\n\t\t<div class=\"elementor-element elementor-element-39f1ea4 e-con-full e-flex e-con e-child\" data-id=\"39f1ea4\" data-element_type=\"container\">\n\t\t\t\t<div class=\"elementor-element elementor-element-d2e4d4c elementor-widget elementor-widget-heading\" data-id=\"d2e4d4c\" data-element_type=\"widget\" data-widget_type=\"heading.default\">\n\t\t\t\t<div class=\"elementor-widget-container\">\n\t\t\t<h2 class=\"elementor-heading-title elementor-size-default\">Despre noi<\/h2>\t\t<\/div>\n\t\t\t\t<\/div>\n\t\t\t\t<div class=\"elementor-element elementor-element-a127e47 elementor-widget elementor-widget-text-editor\" data-id=\"a127e47\" data-element_type=\"widget\" data-widget_type=\"text-editor.default\">\n\t\t\t\t<div class=\"elementor-widget-container\">\n\t\t\t<style>\/*! elementor - v3.21.0 - 30-04-2024 *\/\n.elementor-widget-text-editor.elementor-drop-cap-view-stacked .elementor-drop-cap{background-color:#69727d;color:#fff}.elementor-widget-text-editor.elementor-drop-cap-view-framed .elementor-drop-cap{color:#69727d;border:3px solid;background-color:transparent}.elementor-widget-text-editor:not(.elementor-drop-cap-view-default) .elementor-drop-cap{margin-top:8px}.elementor-widget-text-editor:not(.elementor-drop-cap-view-default) .elementor-drop-cap-letter{width:1em;height:1em}.elementor-widget-text-editor .elementor-drop-cap{float:left;text-align:center;line-height:1;font-size:50px}.elementor-widget-text-editor .elementor-drop-cap-letter{display:inline-block}<\/style>\t\t\t\t<p>Radio Emanuel Crestin este un post de radio cre\u0219tin care emite \u00een limba rom\u00e2n\u0103 \u0219i care are ca scop promovarea valorilor cre\u0219tine \u0219i a mesajelor biblice prin intermediul muzicii \u0219i a emisiunilor educative \u0219i informative. Acest post de radio este dedicat celor care doresc s\u0103 asculte muzic\u0103 religioas\u0103 de calitate \u0219i s\u0103 se hr\u0103neasc\u0103 spiritual prin intermediul mesajelor cre\u0219tine.<\/p>\t\t\t\t\t\t<\/div>\n\t\t\t\t<\/div>\n\t\t\t\t<\/div>\n\t\t<div class=\"elementor-element elementor-element-d58cd94 e-con-full e-flex e-con e-child\" data-id=\"d58cd94\" data-element_type=\"container\">\n\t\t\t\t<div class=\"elementor-element elementor-element-845124c elementor-widget elementor-widget-heading\" data-id=\"845124c\" data-element_type=\"widget\" data-widget_type=\"heading.default\">\n\t\t\t\t<div class=\"elementor-widget-container\">\n\t\t\t<h2 class=\"elementor-heading-title elementor-size-default\">Oferta noastr\u0103<\/h2>\t\t<\/div>\n\t\t\t\t<\/div>\n\t\t\t\t<div class=\"elementor-element elementor-element-b44a03b elementor-widget elementor-widget-text-editor\" data-id=\"b44a03b\" data-element_type=\"widget\" data-widget_type=\"text-editor.default\">\n\t\t\t\t<div class=\"elementor-widget-container\">\n\t\t\t\t\t\t\t<ul><li>Emisiuni \u00een direct cu predici \u0219i \u00eenv\u0103\u021b\u0103turi cre\u0219tine<\/li><li>Muzic\u0103 cre\u0219tin\u0103 contemporan\u0103 \u0219i tradi\u021bional\u0103<\/li><li>Program de rug\u0103ciune \u0219i medita\u021bie<\/li><li>Interviuri cu personalit\u0103\u021bi cre\u0219tine \u0219i lideri religio\u0219i<\/li><li>\u0218tiri \u0219i informa\u021bii despre evenimente \u0219i activit\u0103<\/li><li>Suport tehnic 24\/7<\/li><li>Dezvoltare web<\/li><li>Emisiuni \u00een direct cu predici \u0219i \u00eenv\u0103\u021b\u0103turi cre\u0219tine<\/li><li>Muzic\u0103 cre\u0219tin\u0103 contemporan\u0103 \u0219i tradi\u021bional\u0103<\/li><li>Program de rug\u0103ciune \u0219i medita\u021bie<\/li><li>Interviuri cu personalit\u0103\u021bi cre\u0219tine \u0219i lideri religio\u0219i<\/li><li>\u0218tiri \u0219i informa\u021bii despre evenimente \u0219i activit\u0103<\/li><li>Suport tehnic 24\/7<\/li><li>Dezvoltare web<\/li><li>Servicii de securitate<\/li><\/ul>\t\t\t\t\t\t<\/div>\n\t\t\t\t<\/div>\n\t\t\t\t<\/div>\n\t\t\t\t\t<\/div>\n\t\t\t\t<\/div>\n\t\t\t\t<\/div>\n\t\t","protected":false},"excerpt":{"rendered":"<p>Radio Emanuel Crestin \u201eMuzica care te face mai bun\u201d &#8211; \u201eHristos e aici, la Radio Emanuel Crestin!\u201d Despre noi Despre noi Radio Emanuel Crestin este un post de radio cre\u0219tin care emite \u00een limba rom\u00e2n\u0103 \u0219i care are ca scop promovarea valorilor cre\u0219tine \u0219i a mesajelor biblice prin intermediul muzicii \u0219i a emisiunilor educative \u0219i [&hellip;]<\/p>\n","protected":false},"author":1,"featured_media":0,"parent":0,"menu_order":0,"comment_status":"closed","ping_status":"closed","template":"","meta":{"_surecart_dashboard_logo_width":"180px","_surecart_dashboard_show_logo":true,"_surecart_dashboard_navigation_orders":true,"_surecart_dashboard_navigation_subscriptions":true,"_surecart_dashboard_navigation_downloads":true,"_surecart_dashboard_navigation_billing":true,"_surecart_dashboard_navigation_account":true,"_uag_custom_page_level_css":"","site-sidebar-layout":"no-sidebar","site-content-layout":"page-builder","ast-site-content-layout":"full-width-container","site-content-style":"default","site-sidebar-style":"default","ast-global-header-display":"","ast-banner-title-visibility":"","ast-main-header-display":"","ast-hfb-above-header-display":"","ast-hfb-below-header-display":"","ast-hfb-mobile-header-display":"","site-post-title":"disabled","ast-breadcrumbs-content":"","ast-featured-img":"disabled","footer-sml-layout":"","theme-transparent-header-meta":"","adv-header-id-meta":"","stick-header-meta":"","header-above-stick-meta":"","header-main-stick-meta":"","header-below-stick-meta":"","astra-migrate-meta-layouts":"set","ast-page-background-enabled":"default","ast-page-background-meta":{"desktop":{"background-color":"","background-image":"","background-repeat":"repeat","background-position":"center center","background-size":"auto","background-attachment":"scroll","background-type":"","background-media":"","overlay-type":"","overlay-color":"","overlay-gradient":""},"tablet":{"background-color":"","background-image":"","background-repeat":"repeat","background-position":"center center","background-size":"auto","background-attachment":"scroll","background-type":"","background-media":"","overlay-type":"","overlay-color":"","overlay-gradient":""},"mobile":{"background-color":"","background-image":"","background-repeat":"repeat","background-position":"center center","background-size":"auto","background-attachment":"scroll","background-type":"","background-media":"","overlay-type":"","overlay-color":"","overlay-gradient":""}},"ast-content-background-meta":{"desktop":{"background-color":"var(--ast-global-color-5)","background-image":"","background-repeat":"repeat","background-position":"center center","background-size":"auto","background-attachment":"scroll","background-type":"","background-media":"","overlay-type":"","overlay-color":"","overlay-gradient":""},"tablet":{"background-color":"var(--ast-global-color-5)","background-image":"","background-repeat":"repeat","background-position":"center center","background-size":"auto","background-attachment":"scroll","background-type":"","background-media":"","overlay-type":"","overlay-color":"","overlay-gradient":""},"mobile":{"background-color":"var(--ast-global-color-5)","background-image":"","background-repeat":"repeat","background-position":"center center","background-size":"auto","background-attachment":"scroll","background-type":"","background-media":"","overlay-type":"","overlay-color":"","overlay-gradient":""}},"footnotes":""},"class_list":["post-26743","page","type-page","status-publish","hentry"],"uagb_featured_image_src":{"full":false,"thumbnail":false,"medium":false,"medium_large":false,"large":false,"1536x1536":false,"2048x2048":false,"woocommerce_thumbnail":false,"woocommerce_single":false,"woocommerce_gallery_thumbnail":false},"uagb_author_info":{"display_name":"admin","author_link":"https:\/\/radioemanuelcrestin.ro\/?author=1"},"uagb_comment_info":0,"uagb_excerpt":"Radio Emanuel Crestin \u201eMuzica care te face mai bun\u201d &#8211; \u201eHristos e aici, la Radio Emanuel Crestin!\u201d Despre noi Despre noi Radio Emanuel Crestin este un post de radio cre\u0219tin care emite \u00een limba rom\u00e2n\u0103 \u0219i care are ca scop promovarea valorilor cre\u0219tine \u0219i a mesajelor biblice prin intermediul muzicii \u0219i a emisiunilor educative \u0219i&hellip;","_links":{"self":[{"href":"https:\/\/radioemanuelcrestin.ro\/index.php?rest_route=\/wp\/v2\/pages\/26743"}],"collection":[{"href":"https:\/\/radioemanuelcrestin.ro\/index.php?rest_route=\/wp\/v2\/pages"}],"about":[{"href":"https:\/\/radioemanuelcrestin.ro\/index.php?rest_route=\/wp\/v2\/types\/page"}],"author":[{"embeddable":true,"href":"https:\/\/radioemanuelcrestin.ro\/index.php?rest_route=\/wp\/v2\/users\/1"}],"replies":[{"embeddable":true,"href":"https:\/\/radioemanuelcrestin.ro\/index.php?rest_route=%2Fwp%2Fv2%2Fcomments&post=26743"}],"version-history":[{"count":32,"href":"https:\/\/radioemanuelcrestin.ro\/index.php?rest_route=\/wp\/v2\/pages\/26743\/revisions"}],"predecessor-version":[{"id":27412,"href":"https:\/\/radioemanuelcrestin.ro\/index.php?rest_route=\/wp\/v2\/pages\/26743\/revisions\/27412"}],"wp:attachment":[{"href":"https:\/\/radioemanuelcrestin.ro\/index.php?rest_route=%2Fwp%2Fv2%2Fmedia&parent=26743"}],"curies":[{"name":"wp","href":"https:\/\/api.w.org\/{rel}","templated":true}]}}