{"id":26546,"date":"2024-03-21T16:56:04","date_gmt":"2024-03-21T14:56:04","guid":{"rendered":"https:\/\/radioemanuelcrestin.ro\/?page_id=26546"},"modified":"2024-04-29T17:17:29","modified_gmt":"2024-04-29T17:17:29","slug":"termeni-si-conditi","status":"publish","type":"page","link":"https:\/\/radioemanuelcrestin.ro\/?page_id=26546","title":{"rendered":"Termeni"},"content":{"rendered":"\t\t<div data-elementor-type=\"wp-page\" data-elementor-id=\"26546\" class=\"elementor elementor-26546\">\n\t\t\t\t<div class=\"elementor-element elementor-element-25846268 e-con-full e-flex e-con e-parent\" data-id=\"25846268\" data-element_type=\"container\" data-settings=\"{&quot;background_background&quot;:&quot;classic&quot;}\">\n\t\t\t\t<div class=\"elementor-element elementor-element-428c51a elementor-widget-tablet__width-inherit elementor-widget elementor-widget-heading\" data-id=\"428c51a\" data-element_type=\"widget\" data-widget_type=\"heading.default\">\n\t\t\t\t<div class=\"elementor-widget-container\">\n\t\t\t<style>\/*! elementor - v3.21.0 - 30-04-2024 *\/\n.elementor-heading-title{padding:0;margin:0;line-height:1}.elementor-widget-heading .elementor-heading-title[class*=elementor-size-]>a{color:inherit;font-size:inherit;line-height:inherit}.elementor-widget-heading .elementor-heading-title.elementor-size-small{font-size:15px}.elementor-widget-heading .elementor-heading-title.elementor-size-medium{font-size:19px}.elementor-widget-heading .elementor-heading-title.elementor-size-large{font-size:29px}.elementor-widget-heading .elementor-heading-title.elementor-size-xl{font-size:39px}.elementor-widget-heading .elementor-heading-title.elementor-size-xxl{font-size:59px}<\/style><h1 class=\"elementor-heading-title elementor-size-default\">Radio Emanuel Crestin<\/h1>\t\t<\/div>\n\t\t\t\t<\/div>\n\t\t\t\t<div class=\"elementor-element elementor-element-11f5f23c elementor-widget-tablet__width-inherit elementor-widget elementor-widget-heading\" data-id=\"11f5f23c\" data-element_type=\"widget\" data-widget_type=\"heading.default\">\n\t\t\t\t<div class=\"elementor-widget-container\">\n\t\t\t<h4 class=\"elementor-heading-title elementor-size-default\">\u201eMuzica care te face mai bun\u201d - \u201eHristos e aici, la Radio Emanuel Crestin!\u201d<\/h4>\t\t<\/div>\n\t\t\t\t<\/div>\n\t\t\t\t<\/div>\n\t\t<div class=\"elementor-element elementor-element-ed64ccc e-flex e-con-boxed e-con e-parent\" data-id=\"ed64ccc\" data-element_type=\"container\">\n\t\t\t\t\t<div class=\"e-con-inner\">\n\t\t\t\t<div class=\"elementor-element elementor-element-8c8a057 elementor-widget elementor-widget-text-editor\" data-id=\"8c8a057\" data-element_type=\"widget\" data-widget_type=\"text-editor.default\">\n\t\t\t\t<div class=\"elementor-widget-container\">\n\t\t\t<style>\/*! elementor - v3.21.0 - 30-04-2024 *\/\n.elementor-widget-text-editor.elementor-drop-cap-view-stacked .elementor-drop-cap{background-color:#69727d;color:#fff}.elementor-widget-text-editor.elementor-drop-cap-view-framed .elementor-drop-cap{color:#69727d;border:3px solid;background-color:transparent}.elementor-widget-text-editor:not(.elementor-drop-cap-view-default) .elementor-drop-cap{margin-top:8px}.elementor-widget-text-editor:not(.elementor-drop-cap-view-default) .elementor-drop-cap-letter{width:1em;height:1em}.elementor-widget-text-editor .elementor-drop-cap{float:left;text-align:center;line-height:1;font-size:50px}.elementor-widget-text-editor .elementor-drop-cap-letter{display:inline-block}<\/style>\t\t\t\t<h2 style=\"text-align: center;\"><strong>Termeni \u0219i Condi\u021bii<\/strong><\/h2><p style=\"text-align: center;\"><strong>(Rom\u00e2n\u0103)<\/strong><\/p><p>Prin desc\u0103rcarea sau utilizarea aplica\u021biei, ace\u0219ti termeni se vor aplica automat \u00een cazul dvs. &#8211; ar trebui s\u0103 v\u0103 asigura\u021bi, prin urmare, c\u0103 \u00eei citi\u021bi cu aten\u021bie \u00eenainte de a utiliza aplica\u021bia. Nu ave\u021bi voie s\u0103 copia\u021bi sau s\u0103 modifica\u021bi aplica\u021bia, orice parte a aplica\u021biei sau m\u0103rcile noastre comerciale \u00een niciun fel. Nu ave\u021bi voie s\u0103 \u00eencerca\u021bi s\u0103 extrage\u021bi codul surs\u0103 al aplica\u021biei \u0219i, de asemenea, nu ar trebui s\u0103 \u00eencerca\u021bi s\u0103 traduce\u021bi aplica\u021bia \u00een alte limbi sau s\u0103 face\u021bi versiuni derivate. Aplica\u021bia \u00een sine \u0219i toate m\u0103rcile comerciale, drepturile de autor, drepturile de baz\u0103 de date \u0219i alte drepturi de proprietate intelectual\u0103 aferente \u00eei apar\u021bin \u00een continuare lui Daniel Ilea.<\/p><p>Daniel Ilea se angajeaz\u0103 s\u0103 se asigure c\u0103 aplica\u021bia este c\u00e2t mai util\u0103 \u0219i eficient\u0103. Din acest motiv, ne rezerv\u0103m dreptul de a face modific\u0103ri \u00een aplica\u021bie sau de a taxa pentru serviciile acesteia, \u00een orice moment \u0219i din orice motiv. Nu v\u0103 vom taxa niciodat\u0103 pentru aplica\u021bie sau serviciile sale f\u0103r\u0103 a v\u0103 spune foarte clar pentru ce pl\u0103ti\u021bi exact.<\/p><p>Aplica\u021bia Radio Emanuel Crestin stocheaz\u0103 \u0219i prelucreaz\u0103 datele personale pe care ni le-a\u021bi furnizat, pentru a-mi furniza Serviciul. Este responsabilitatea dvs. s\u0103 v\u0103 p\u0103stra\u021bi telefonul \u0219i accesul la aplica\u021bie \u00een siguran\u021b\u0103. Prin urmare, v\u0103 recomand\u0103m s\u0103 nu face\u021bi jailbreak sau s\u0103 roota\u021bi telefonul, care este procesul de eliminare a restric\u021biilor software \u0219i a limit\u0103rilor impuse de sistemul de operare oficial al dispozitivului dumneavoastr\u0103. Ar putea face telefonul vulnerabil la programe malware\/viru\u0219i\/programe r\u0103u inten\u021bionate, ar putea compromite caracteristicile de securitate ale telefonului \u0219i ar putea \u00eensemna c\u0103 aplica\u021bia Radio Emanuel Crestin nu va func\u021biona corect sau deloc.<\/p><div><p>Aplica\u021bia folose\u0219te servicii ter\u021be care \u00ee\u0219i declar\u0103 Termenii \u0219i condi\u021biile.<\/p><p>Link c\u0103tre Termenii \u0219i condi\u021biile furnizorilor de servicii ter\u021bi utiliza\u021bi de aplica\u021bie<\/p><ul><li><a href=\"https:\/\/policies.google.com\/terms\" target=\"_blank\" rel=\"noopener noreferrer nofollow\">Servicii Google Play<\/a><\/li><li><a href=\"https:\/\/www.facebook.com\/legal\/terms\/plain_text_terms\" target=\"_blank\" rel=\"noopener noreferrer nofollow\">Facebook<\/a><\/li><\/ul><\/div><p>Trebuie s\u0103 \u0219ti\u021bi c\u0103 exist\u0103 anumite lucruri pentru care Daniel Ilea nu \u00ee\u0219i va asuma responsabilitatea. Anumite func\u021bii ale aplica\u021biei vor necesita ca aplica\u021bia s\u0103 aib\u0103 o conexiune activ\u0103 la internet. Conexiunea poate fi Wi-Fi sau furnizat\u0103 de furnizorul dvs. de re\u021bea mobil\u0103, dar Daniel Ilea nu \u00ee\u0219i poate asuma responsabilitatea pentru ca aplica\u021bia s\u0103 nu func\u021bioneze la func\u021bionalitate deplin\u0103 dac\u0103 nu ave\u021bi acces la Wi-Fi \u0219i nu ave\u021bi niciunul dintre dvs. aloca\u021bia de date r\u0103mas\u0103.<\/p><p>Dac\u0103 utiliza\u021bi aplica\u021bia \u00een afara unei zone cu Wi-Fi, ar trebui s\u0103 v\u0103 aminti\u021bi c\u0103 termenii acordului cu furnizorul dvs. de re\u021bea mobil\u0103 se vor aplica \u00een continuare. Ca urmare, este posibil s\u0103 fi\u021bi taxat de furnizorul dvs. de telefonie mobil\u0103 pentru costul datelor pe durata conexiunii \u00een timp ce accesa\u021bi aplica\u021bia sau alte taxe de la ter\u021bi. \u00cen utilizarea aplica\u021biei, accepta\u021bi responsabilitatea pentru orice astfel de taxe, inclusiv pentru tarifele de date \u00een roaming, dac\u0103 utiliza\u021bi aplica\u021bia \u00een afara teritoriului de origine (adic\u0103 regiunea sau \u021bara) f\u0103r\u0103 a dezactiva roamingul de date. Dac\u0103 nu sunte\u021bi pl\u0103titorul facturilor pentru dispozitivul pe care utiliza\u021bi aplica\u021bia, v\u0103 rug\u0103m s\u0103 re\u021bine\u021bi c\u0103 presupunem c\u0103 a\u021bi primit permisiunea de la pl\u0103titorul facturilor pentru utilizarea aplica\u021biei.<\/p><p>\u00cen aceea\u0219i linie, Daniel Ilea nu \u00ee\u0219i poate asuma \u00eentotdeauna responsabilitatea pentru modul \u00een care utiliza\u021bi aplica\u021bia, adic\u0103 trebuie s\u0103 v\u0103 asigura\u021bi c\u0103 dispozitivul r\u0103m\u00e2ne \u00eenc\u0103rcat \u2013 dac\u0103 r\u0103m\u00e2ne f\u0103r\u0103 baterie \u0219i nu \u00eel pute\u021bi porni pentru a beneficia de Serviciu, Daniel Ilea nu poate accepta responsabilitatea.<\/p><p>\u00cen ceea ce prive\u0219te responsabilitatea lui Daniel Ilea pentru utilizarea de c\u0103tre dvs. a aplica\u021biei, atunci c\u00e2nd utiliza\u021bi aplica\u021bia, este important s\u0103 re\u021bine\u021bi c\u0103, de\u0219i ne str\u0103duim s\u0103 ne asigur\u0103m c\u0103 este actualizat\u0103 \u0219i corect\u0103 \u00een orice moment, ne baz\u0103m pe ter\u021be p\u0103r\u021bi pentru furnizarea de informa\u021bii pentru a vi le putea pune la dispozi\u021bie. Daniel Ilea nu \u00ee\u0219i asum\u0103 nicio responsabilitate pentru orice pierdere, direct\u0103 sau indirect\u0103, pe care o experimenta\u021bi ca urmare a v\u0103 baza\u021bi \u00een \u00eentregime pe aceast\u0103 func\u021bionalitate a aplica\u021biei.<\/p><p>La un moment dat, este posibil s\u0103 dorim s\u0103 actualiz\u0103m aplica\u021bia. Aplica\u021bia este disponibil\u0103 \u00een prezent pe Android \u2013 cerin\u021bele pentru sistem (\u0219i pentru orice sisteme suplimentare la care decidem s\u0103 extindem disponibilitatea aplica\u021biei) se pot schimba \u0219i va trebui s\u0103 desc\u0103rca\u021bi actualiz\u0103rile dac\u0103 dori\u021bi s\u0103 continua\u021bi s\u0103 utiliza\u021bi aplica\u021bia . Daniel Ilea nu promite c\u0103 va actualiza \u00eentotdeauna aplica\u021bia astfel \u00eenc\u00e2t s\u0103 fie relevant\u0103 pentru tine \u0219i\/sau s\u0103 func\u021bioneze cu versiunea de Android pe care ai instalat-o pe dispozitiv. Cu toate acestea, promite\u021bi c\u0103 ve\u021bi accepta \u00eentotdeauna actualiz\u0103ri ale aplica\u021biei atunci c\u00e2nd vi se ofer\u0103. De asemenea, este posibil s\u0103 dorim s\u0103 \u00eencet\u0103m furnizarea aplica\u021biei \u0219i putem \u00eenceta utilizarea acesteia \u00een orice moment, f\u0103r\u0103 a v\u0103 anun\u021ba de reziliere. Cu excep\u021bia cazului \u00een care v\u0103 spunem altfel, la orice reziliere, (a) drepturile \u0219i licen\u021bele care vi s-au acordat \u00een ace\u0219ti termeni vor \u00eenceta; (b) trebuie s\u0103 \u00eenceta\u021bi s\u0103 utiliza\u021bi aplica\u021bia \u0219i (dac\u0103 este necesar) s\u0103 o \u0219terge\u021bi de pe dispozitiv.<\/p><p><strong>Modific\u0103ri ale acestor Termeni \u0219i condi\u021bii<\/strong><\/p><p>Pot s\u0103 actualizez Termenii \u0219i condi\u021biile din c\u00e2nd \u00een c\u00e2nd. Astfel, sunte\u021bi sf\u0103tuit s\u0103 revizui\u021bi periodic aceast\u0103 pagin\u0103 pentru orice modific\u0103ri. V\u0103 voi anun\u021ba cu privire la orice modificare prin publicarea noilor Termeni \u0219i condi\u021bii pe aceast\u0103 pagin\u0103.<\/p><p>Ace\u0219ti termeni \u0219i condi\u021bii sunt \u00een vigoare din 18.02.2024.<\/p><p><strong>Contacta\u0163i-ne<\/strong><\/p><p>Dac\u0103 ave\u021bi \u00eentreb\u0103ri sau sugestii despre Termenii \u0219i condi\u021biile mele, nu ezita\u021bi s\u0103 m\u0103 contacta\u021bi la radioemanuelcrestin@gmail.com.<\/p><p>Aceast\u0103 pagin\u0103 de Termeni \u0219i condi\u021bii a fost generat\u0103 de <a href=\"https:\/\/app-privacy-policy-generator.nisrulz.com\/\" target=\"_blank\" rel=\"noopener noreferrer nofollow\">App Privacy Policy Generator<\/a><\/p><div class=\"b b-html b-s\"><div class=\"b-c\"><h2><strong>Terms &amp; Conditions<\/strong><\/h2><p style=\"text-align: center;\"><strong>(English)<\/strong><\/p><p>By downloading or using the app, these terms will automatically apply to you \u2013 you should make sure therefore that you read them carefully before using the app. You\u2019re not allowed to copy or modify the app, any part of the app, or our trademarks in any way. You\u2019re not allowed to attempt to extract the source code of the app, and you also shouldn\u2019t try to translate the app into other languages or make derivative versions. The app itself, and all the trademarks, copyright, database rights, and other intellectual property rights related to it, still belong to Daniel Ilea.<\/p><p>Daniel Ilea is committed to ensuring that the app is as useful and efficient as possible. For that reason, we reserve the right to make changes to the app or to charge for its services, at any time and for any reason. We will never charge you for the app or its services without making it very clear to you exactly what you\u2019re paying for.<\/p><p>The Radio Emanuel Crestin app stores and processes personal data that you have provided to us, to provide my Service. It\u2019s your responsibility to keep your phone and access to the app secure. We therefore recommend that you do not jailbreak or root your phone, which is the process of removing software restrictions and limitations imposed by the official operating system of your device. It could make your phone vulnerable to malware\/viruses\/malicious programs, compromise your phone\u2019s security features and it could mean that the Radio Emanuel Crestin app won\u2019t work properly or at all.<\/p><div><p>The app does use third-party services that declare their Terms and Conditions.<\/p><p>Link to Terms and Conditions of third-party service providers used by the app<\/p><ul><li><a href=\"https:\/\/policies.google.com\/terms\" target=\"_blank\" rel=\"noopener noreferrer nofollow\">Google Play Services<\/a><\/li><li><a href=\"https:\/\/www.facebook.com\/legal\/terms\/plain_text_terms\" target=\"_blank\" rel=\"noopener noreferrer nofollow\">Facebook<\/a><\/li><\/ul><\/div><p>You should be aware that there are certain things that Daniel Ilea will not take responsibility for. Certain functions of the app will require the app to have an active internet connection. The connection can be Wi-Fi or provided by your mobile network provider, but Daniel Ilea cannot take responsibility for the app not working at full functionality if you don\u2019t have access to Wi-Fi, and you don\u2019t have any of your data allowance left.<\/p><p>If you\u2019re using the app outside of an area with Wi-Fi, you should remember that the terms of the agreement with your mobile network provider will still apply. As a result, you may be charged by your mobile provider for the cost of data for the duration of the connection while accessing the app, or other third-party charges. In using the app, you\u2019re accepting responsibility for any such charges, including roaming data charges if you use the app outside of your home territory (i.e. region or country) without turning off data roaming. If you are not the bill payer for the device on which you\u2019re using the app, please be aware that we assume that you have received permission from the bill payer for using the app.<\/p><p>Along the same lines, Daniel Ilea cannot always take responsibility for the way you use the app i.e. You need to make sure that your device stays charged \u2013 if it runs out of battery and you can\u2019t turn it on to avail the Service, Daniel Ilea cannot accept responsibility.<\/p><p>With respect to Daniel Ilea\u2019s responsibility for your use of the app, when you\u2019re using the app, it\u2019s important to bear in mind that although we endeavor to ensure that it is updated and correct at all times, we do rely on third parties to provide information to us so that we can make it available to you. Daniel Ilea accepts no liability for any loss, direct or indirect, you experience as a result of relying wholly on this functionality of the app.<\/p><p>At some point, we may wish to update the app. The app is currently available on Android \u2013 the requirements for the system(and for any additional systems we decide to extend the availability of the app to) may change, and you\u2019ll need to download the updates if you want to keep using the app. Daniel Ilea does not promise that it will always update the app so that it is relevant to you and\/or works with the Android version that you have installed on your device. However, you promise to always accept updates to the application when offered to you, We may also wish to stop providing the app, and may terminate use of it at any time without giving notice of termination to you. Unless we tell you otherwise, upon any termination, (a) the rights and licenses granted to you in these terms will end; (b) you must stop using the app, and (if needed) delete it from your device.<\/p><p><strong>Changes to This Terms and Conditions<\/strong><\/p><p>I may update our Terms and Conditions from time to time. Thus, you are advised to review this page periodically for any changes. I will notify you of any changes by posting the new Terms and Conditions on this page.<\/p><p>These terms and conditions are effective as of 2024-02-18<\/p><p><strong>Contact Us<\/strong><\/p><p>If you have any questions or suggestions about my Terms and Conditions, do not hesitate to contact me at radioemanuelcrestin@gmail.com.<\/p><p>This Terms and Conditions page was generated by <a href=\"https:\/\/app-privacy-policy-generator.nisrulz.com\/\" target=\"_blank\" rel=\"noopener noreferrer nofollow\">App Privacy Policy Generator<\/a><\/p><\/div><\/div><div class=\"s-bg\"><div class=\"s-bg-l\">\u00a0<\/div><\/div><div class=\"s-f-l-c s-f-l-c-first\"><div class=\"s-f-cr\"><span class=\"it b link\"> <span class=\"it-c\">Radio Emanuel Crestin<\/span> <\/span><\/div><div class=\"s-f-sf\">\u00a0<\/div><\/div>\t\t\t\t\t\t<\/div>\n\t\t\t\t<\/div>\n\t\t\t\t\t<\/div>\n\t\t\t\t<\/div>\n\t\t\t\t<\/div>\n\t\t","protected":false},"excerpt":{"rendered":"<p>Radio Emanuel Crestin \u00ef\u00bf\u00bdMuzica care te face mai bun\u00ef\u00bf\u00bd &#8211; \u00ef\u00bf\u00bdHristos e aici, la Radio Emanuel Crestin!\u00ef\u00bf\u00bd Termeni ?i Condi?ii (Rom\u00ef\u00bf\u00bdn?) Prin desc?rcarea sau utilizarea aplica?iei, ace?ti termeni se vor aplica automat \u00ef\u00bf\u00bdn cazul dvs. &#8211; ar trebui s? v? asigura?i, prin urmare, c? \u00ef\u00bf\u00bdi citi?i cu aten?ie \u00ef\u00bf\u00bdnainte de a utiliza aplica?ia. Nu ave?i [&hellip;]<\/p>\n","protected":false},"author":1,"featured_media":0,"parent":0,"menu_order":0,"comment_status":"closed","ping_status":"closed","template":"","meta":{"_surecart_dashboard_logo_width":"180px","_surecart_dashboard_show_logo":true,"_surecart_dashboard_navigation_orders":true,"_surecart_dashboard_navigation_subscriptions":true,"_surecart_dashboard_navigation_downloads":true,"_surecart_dashboard_navigation_billing":true,"_surecart_dashboard_navigation_account":true,"_uag_custom_page_level_css":"","site-sidebar-layout":"no-sidebar","site-content-layout":"page-builder","ast-site-content-layout":"full-width-container","site-content-style":"default","site-sidebar-style":"default","ast-global-header-display":"","ast-banner-title-visibility":"","ast-main-header-display":"","ast-hfb-above-header-display":"","ast-hfb-below-header-display":"","ast-hfb-mobile-header-display":"","site-post-title":"disabled","ast-breadcrumbs-content":"","ast-featured-img":"disabled","footer-sml-layout":"","theme-transparent-header-meta":"","adv-header-id-meta":"","stick-header-meta":"","header-above-stick-meta":"","header-main-stick-meta":"","header-below-stick-meta":"","astra-migrate-meta-layouts":"set","ast-page-background-enabled":"default","ast-page-background-meta":{"desktop":{"background-color":"","background-image":"","background-repeat":"repeat","background-position":"center center","background-size":"auto","background-attachment":"scroll","background-type":"","background-media":"","overlay-type":"","overlay-color":"","overlay-gradient":""},"tablet":{"background-color":"","background-image":"","background-repeat":"repeat","background-position":"center center","background-size":"auto","background-attachment":"scroll","background-type":"","background-media":"","overlay-type":"","overlay-color":"","overlay-gradient":""},"mobile":{"background-color":"","background-image":"","background-repeat":"repeat","background-position":"center center","background-size":"auto","background-attachment":"scroll","background-type":"","background-media":"","overlay-type":"","overlay-color":"","overlay-gradient":""}},"ast-content-background-meta":{"desktop":{"background-color":"var(--ast-global-color-5)","background-image":"","background-repeat":"repeat","background-position":"center center","background-size":"auto","background-attachment":"scroll","background-type":"","background-media":"","overlay-type":"","overlay-color":"","overlay-gradient":""},"tablet":{"background-color":"var(--ast-global-color-5)","background-image":"","background-repeat":"repeat","background-position":"center center","background-size":"auto","background-attachment":"scroll","background-type":"","background-media":"","overlay-type":"","overlay-color":"","overlay-gradient":""},"mobile":{"background-color":"var(--ast-global-color-5)","background-image":"","background-repeat":"repeat","background-position":"center center","background-size":"auto","background-attachment":"scroll","background-type":"","background-media":"","overlay-type":"","overlay-color":"","overlay-gradient":""}},"footnotes":""},"class_list":["post-26546","page","type-page","status-publish","hentry"],"uagb_featured_image_src":{"full":false,"thumbnail":false,"medium":false,"medium_large":false,"large":false,"1536x1536":false,"2048x2048":false,"woocommerce_thumbnail":false,"woocommerce_single":false,"woocommerce_gallery_thumbnail":false},"uagb_author_info":{"display_name":"admin","author_link":"https:\/\/radioemanuelcrestin.ro\/?author=1"},"uagb_comment_info":0,"uagb_excerpt":"Radio Emanuel Crestin \u00ef\u00bf\u00bdMuzica care te face mai bun\u00ef\u00bf\u00bd &#8211; \u00ef\u00bf\u00bdHristos e aici, la Radio Emanuel Crestin!\u00ef\u00bf\u00bd Termeni ?i Condi?ii (Rom\u00ef\u00bf\u00bdn?) Prin desc?rcarea sau utilizarea aplica?iei, ace?ti termeni se vor aplica automat \u00ef\u00bf\u00bdn cazul dvs. &#8211; ar trebui s? v? asigura?i, prin urmare, c? \u00ef\u00bf\u00bdi citi?i cu aten?ie \u00ef\u00bf\u00bdnainte de a utiliza aplica?ia. Nu ave?i&hellip;","_links":{"self":[{"href":"https:\/\/radioemanuelcrestin.ro\/index.php?rest_route=\/wp\/v2\/pages\/26546"}],"collection":[{"href":"https:\/\/radioemanuelcrestin.ro\/index.php?rest_route=\/wp\/v2\/pages"}],"about":[{"href":"https:\/\/radioemanuelcrestin.ro\/index.php?rest_route=\/wp\/v2\/types\/page"}],"author":[{"embeddable":true,"href":"https:\/\/radioemanuelcrestin.ro\/index.php?rest_route=\/wp\/v2\/users\/1"}],"replies":[{"embeddable":true,"href":"https:\/\/radioemanuelcrestin.ro\/index.php?rest_route=%2Fwp%2Fv2%2Fcomments&post=26546"}],"version-history":[{"count":28,"href":"https:\/\/radioemanuelcrestin.ro\/index.php?rest_route=\/wp\/v2\/pages\/26546\/revisions"}],"predecessor-version":[{"id":27321,"href":"https:\/\/radioemanuelcrestin.ro\/index.php?rest_route=\/wp\/v2\/pages\/26546\/revisions\/27321"}],"wp:attachment":[{"href":"https:\/\/radioemanuelcrestin.ro\/index.php?rest_route=%2Fwp%2Fv2%2Fmedia&parent=26546"}],"curies":[{"name":"wp","href":"https:\/\/api.w.org\/{rel}","templated":true}]}}