{"id":26525,"date":"2018-12-21T06:28:51","date_gmt":"2018-12-21T06:28:51","guid":{"rendered":"https:\/\/radioemanuelcrestin.ro\/blog\/"},"modified":"2024-04-01T19:57:35","modified_gmt":"2024-04-01T16:57:35","slug":"blog","status":"publish","type":"page","link":"https:\/\/radioemanuelcrestin.ro\/?page_id=26525","title":{"rendered":"Servicii"},"content":{"rendered":"\t\t<div data-elementor-type=\"wp-page\" data-elementor-id=\"26525\" class=\"elementor elementor-26525\">\n\t\t\t\t<div class=\"elementor-element elementor-element-5f7ff679 e-con-full e-flex e-con e-parent\" data-id=\"5f7ff679\" data-element_type=\"container\" data-settings=\"{&quot;background_background&quot;:&quot;classic&quot;}\">\n\t\t\t\t<div class=\"elementor-element elementor-element-622e0afe elementor-widget-tablet__width-inherit elementor-widget elementor-widget-heading\" data-id=\"622e0afe\" data-element_type=\"widget\" data-widget_type=\"heading.default\">\n\t\t\t\t<div class=\"elementor-widget-container\">\n\t\t\t<style>\/*! elementor - v3.21.0 - 30-04-2024 *\/\n.elementor-heading-title{padding:0;margin:0;line-height:1}.elementor-widget-heading .elementor-heading-title[class*=elementor-size-]>a{color:inherit;font-size:inherit;line-height:inherit}.elementor-widget-heading .elementor-heading-title.elementor-size-small{font-size:15px}.elementor-widget-heading .elementor-heading-title.elementor-size-medium{font-size:19px}.elementor-widget-heading .elementor-heading-title.elementor-size-large{font-size:29px}.elementor-widget-heading .elementor-heading-title.elementor-size-xl{font-size:39px}.elementor-widget-heading .elementor-heading-title.elementor-size-xxl{font-size:59px}<\/style><h1 class=\"elementor-heading-title elementor-size-default\">Radio Emanuel Crestin<\/h1>\t\t<\/div>\n\t\t\t\t<\/div>\n\t\t\t\t<div class=\"elementor-element elementor-element-1d0bfcfb elementor-widget-tablet__width-inherit elementor-widget elementor-widget-heading\" data-id=\"1d0bfcfb\" data-element_type=\"widget\" data-widget_type=\"heading.default\">\n\t\t\t\t<div class=\"elementor-widget-container\">\n\t\t\t<h4 class=\"elementor-heading-title elementor-size-default\">\u201eMuzica care te face mai bun\u201d - \u201eHristos e aici, la Radio Emanuel Crestin!\u201d<\/h4>\t\t<\/div>\n\t\t\t\t<\/div>\n\t\t\t\t<\/div>\n\t\t<div class=\"elementor-element elementor-element-4bdbd3e e-flex e-con-boxed e-con e-parent\" data-id=\"4bdbd3e\" data-element_type=\"container\">\n\t\t\t\t\t<div class=\"e-con-inner\">\n\t\t\t\t<div class=\"elementor-element elementor-element-a95c813 elementor-widget elementor-widget-heading\" data-id=\"a95c813\" data-element_type=\"widget\" data-widget_type=\"heading.default\">\n\t\t\t\t<div class=\"elementor-widget-container\">\n\t\t\t<h2 class=\"elementor-heading-title elementor-size-default\">Servicii<\/h2>\t\t<\/div>\n\t\t\t\t<\/div>\n\t\t\t\t\t<\/div>\n\t\t\t\t<\/div>\n\t\t<div class=\"elementor-element elementor-element-b6108fc e-flex e-con-boxed e-con e-parent\" data-id=\"b6108fc\" data-element_type=\"container\">\n\t\t\t\t\t<div class=\"e-con-inner\">\n\t\t<div class=\"elementor-element elementor-element-d0df885 e-flex e-con-boxed e-con e-child\" data-id=\"d0df885\" data-element_type=\"container\" data-settings=\"{&quot;background_background&quot;:&quot;classic&quot;}\">\n\t\t\t\t\t<div class=\"e-con-inner\">\n\t\t<div class=\"elementor-element elementor-element-3eb5c40 e-con-full e-flex e-con e-child\" data-id=\"3eb5c40\" data-element_type=\"container\">\n\t\t\t\t<div class=\"elementor-element elementor-element-b70d7fd elementor-widget__width-initial elementor-widget elementor-widget-image\" data-id=\"b70d7fd\" data-element_type=\"widget\" data-widget_type=\"image.default\">\n\t\t\t\t<div class=\"elementor-widget-container\">\n\t\t\t<style>\/*! elementor - v3.21.0 - 30-04-2024 *\/\n.elementor-widget-image{text-align:center}.elementor-widget-image a{display:inline-block}.elementor-widget-image a img[src$=\".svg\"]{width:48px}.elementor-widget-image img{vertical-align:middle;display:inline-block}<\/style>\t\t\t\t\t\t\t\t\t\t<img fetchpriority=\"high\" decoding=\"async\" width=\"1024\" height=\"682\" src=\"https:\/\/radioemanuelcrestin.ro\/wp-content\/uploads\/2024\/04\/images-pexels-com-photos-1105666-pexels-photo-1105666-auto-compress-cs-tinysrgb-dpr-2-h-650-w-940-1024x682.webp\" class=\"attachment-large size-large wp-image-27365\" alt=\"\" srcset=\"https:\/\/radioemanuelcrestin.ro\/wp-content\/uploads\/2024\/04\/images-pexels-com-photos-1105666-pexels-photo-1105666-auto-compress-cs-tinysrgb-dpr-2-h-650-w-940-1024x682.webp 1024w, https:\/\/radioemanuelcrestin.ro\/wp-content\/uploads\/2024\/04\/images-pexels-com-photos-1105666-pexels-photo-1105666-auto-compress-cs-tinysrgb-dpr-2-h-650-w-940-300x200.webp 300w, https:\/\/radioemanuelcrestin.ro\/wp-content\/uploads\/2024\/04\/images-pexels-com-photos-1105666-pexels-photo-1105666-auto-compress-cs-tinysrgb-dpr-2-h-650-w-940-768x512.webp 768w, https:\/\/radioemanuelcrestin.ro\/wp-content\/uploads\/2024\/04\/images-pexels-com-photos-1105666-pexels-photo-1105666-auto-compress-cs-tinysrgb-dpr-2-h-650-w-940-1536x1024.webp 1536w, https:\/\/radioemanuelcrestin.ro\/wp-content\/uploads\/2024\/04\/images-pexels-com-photos-1105666-pexels-photo-1105666-auto-compress-cs-tinysrgb-dpr-2-h-650-w-940-600x400.webp 600w, https:\/\/radioemanuelcrestin.ro\/wp-content\/uploads\/2024\/04\/images-pexels-com-photos-1105666-pexels-photo-1105666-auto-compress-cs-tinysrgb-dpr-2-h-650-w-940.webp 1880w\" sizes=\"(max-width: 1024px) 100vw, 1024px\" \/>\t\t\t\t\t\t\t\t\t\t\t\t\t<\/div>\n\t\t\t\t<\/div>\n\t\t\t\t<div class=\"elementor-element elementor-element-83683b7 elementor-widget elementor-widget-heading\" data-id=\"83683b7\" data-element_type=\"widget\" data-widget_type=\"heading.default\">\n\t\t\t\t<div class=\"elementor-widget-container\">\n\t\t\t<h3 class=\"elementor-heading-title elementor-size-default\">Emisiuni de muzic\u0103 cre\u0219tin\u0103 - Radio Emanuel Crestin ofer\u0103 ascult\u0103torilor s\u0103i posibilitatea de a asculta \u00een fiecare zi muzic\u0103 cre\u0219tin\u0103 de calitate, f\u0103r\u0103 a pl\u0103ti niciun cost suplimentar.<\/h3>\t\t<\/div>\n\t\t\t\t<\/div>\n\t\t\t\t<div class=\"elementor-element elementor-element-e085ef4 elementor-widget elementor-widget-text-editor\" data-id=\"e085ef4\" data-element_type=\"widget\" data-widget_type=\"text-editor.default\">\n\t\t\t\t<div class=\"elementor-widget-container\">\n\t\t\t<style>\/*! elementor - v3.21.0 - 30-04-2024 *\/\n.elementor-widget-text-editor.elementor-drop-cap-view-stacked .elementor-drop-cap{background-color:#69727d;color:#fff}.elementor-widget-text-editor.elementor-drop-cap-view-framed .elementor-drop-cap{color:#69727d;border:3px solid;background-color:transparent}.elementor-widget-text-editor:not(.elementor-drop-cap-view-default) .elementor-drop-cap{margin-top:8px}.elementor-widget-text-editor:not(.elementor-drop-cap-view-default) .elementor-drop-cap-letter{width:1em;height:1em}.elementor-widget-text-editor .elementor-drop-cap{float:left;text-align:center;line-height:1;font-size:50px}.elementor-widget-text-editor .elementor-drop-cap-letter{display:inline-block}<\/style>\t\t\t\t<p>&#8220;Radio Emanuel Crestin le ofer\u0103 ascult\u0103torilor s\u0103i bucuria de a se conecta cu Dumnezeu prin intermediul emisiunilor sale de muzicale<\/p>\t\t\t\t\t\t<\/div>\n\t\t\t\t<\/div>\n\t\t\t\t<div class=\"elementor-element elementor-element-9ee424e elementor-widget elementor-widget-button\" data-id=\"9ee424e\" data-element_type=\"widget\" data-widget_type=\"button.default\">\n\t\t\t\t<div class=\"elementor-widget-container\">\n\t\t\t\t\t<div class=\"elementor-button-wrapper\">\n\t\t\t<a class=\"elementor-button elementor-button-link elementor-size-sm elementor-animation-grow\" href=\"#\">\n\t\t\t\t\t\t<span class=\"elementor-button-content-wrapper\">\n\t\t\t\t\t\t<span class=\"elementor-button-icon elementor-align-icon-right\">\n\t\t\t\t<svg aria-hidden=\"true\" class=\"e-font-icon-svg e-fas-arrow-right\" viewBox=\"0 0 448 512\" xmlns=\"http:\/\/www.w3.org\/2000\/svg\"><path d=\"M190.5 66.9l22.2-22.2c9.4-9.4 24.6-9.4 33.9 0L441 239c9.4 9.4 9.4 24.6 0 33.9L246.6 467.3c-9.4 9.4-24.6 9.4-33.9 0l-22.2-22.2c-9.5-9.5-9.3-25 .4-34.3L311.4 296H24c-13.3 0-24-10.7-24-24v-32c0-13.3 10.7-24 24-24h287.4L190.9 101.2c-9.8-9.3-10-24.8-.4-34.3z\"><\/path><\/svg>\t\t\t<\/span>\n\t\t\t\t\t\t\t\t\t<span class=\"elementor-button-text\">Read More<\/span>\n\t\t\t\t\t<\/span>\n\t\t\t\t\t<\/a>\n\t\t<\/div>\n\t\t\t\t<\/div>\n\t\t\t\t<\/div>\n\t\t\t\t<\/div>\n\t\t<div class=\"elementor-element elementor-element-572b42b e-con-full e-flex e-con e-child\" data-id=\"572b42b\" data-element_type=\"container\">\n\t\t\t\t<div class=\"elementor-element elementor-element-310b42d elementor-widget elementor-widget-image\" data-id=\"310b42d\" data-element_type=\"widget\" data-widget_type=\"image.default\">\n\t\t\t\t<div class=\"elementor-widget-container\">\n\t\t\t\t\t\t\t\t\t\t\t\t\t<img decoding=\"async\" width=\"1024\" height=\"682\" src=\"https:\/\/radioemanuelcrestin.ro\/wp-content\/uploads\/2024\/04\/images-pexels-com-photos-1587927-pexels-photo-1587927-auto-compress-cs-tinysrgb-dpr-2-h-650-w-940-1024x682.webp\" class=\"attachment-large size-large wp-image-27366\" alt=\"\" srcset=\"https:\/\/radioemanuelcrestin.ro\/wp-content\/uploads\/2024\/04\/images-pexels-com-photos-1587927-pexels-photo-1587927-auto-compress-cs-tinysrgb-dpr-2-h-650-w-940-1024x682.webp 1024w, https:\/\/radioemanuelcrestin.ro\/wp-content\/uploads\/2024\/04\/images-pexels-com-photos-1587927-pexels-photo-1587927-auto-compress-cs-tinysrgb-dpr-2-h-650-w-940-300x200.webp 300w, https:\/\/radioemanuelcrestin.ro\/wp-content\/uploads\/2024\/04\/images-pexels-com-photos-1587927-pexels-photo-1587927-auto-compress-cs-tinysrgb-dpr-2-h-650-w-940-768x512.webp 768w, https:\/\/radioemanuelcrestin.ro\/wp-content\/uploads\/2024\/04\/images-pexels-com-photos-1587927-pexels-photo-1587927-auto-compress-cs-tinysrgb-dpr-2-h-650-w-940-1536x1024.webp 1536w, https:\/\/radioemanuelcrestin.ro\/wp-content\/uploads\/2024\/04\/images-pexels-com-photos-1587927-pexels-photo-1587927-auto-compress-cs-tinysrgb-dpr-2-h-650-w-940-600x400.webp 600w, https:\/\/radioemanuelcrestin.ro\/wp-content\/uploads\/2024\/04\/images-pexels-com-photos-1587927-pexels-photo-1587927-auto-compress-cs-tinysrgb-dpr-2-h-650-w-940.webp 1880w\" sizes=\"(max-width: 1024px) 100vw, 1024px\" \/>\t\t\t\t\t\t\t\t\t\t\t\t\t<\/div>\n\t\t\t\t<\/div>\n\t\t\t\t<div class=\"elementor-element elementor-element-f7b492f elementor-widget elementor-widget-heading\" data-id=\"f7b492f\" data-element_type=\"widget\" data-widget_type=\"heading.default\">\n\t\t\t\t<div class=\"elementor-widget-container\">\n\t\t\t<h3 class=\"elementor-heading-title elementor-size-default\">Emisiuni de rug\u0103ciune \u0219i medita\u021bie - Postul de radio transmite \u0219i emisiuni de rug\u0103ciuni.<\/h3>\t\t<\/div>\n\t\t\t\t<\/div>\n\t\t\t\t<div class=\"elementor-element elementor-element-5acd343 elementor-widget elementor-widget-text-editor\" data-id=\"5acd343\" data-element_type=\"widget\" data-widget_type=\"text-editor.default\">\n\t\t\t\t<div class=\"elementor-widget-container\">\n\t\t\t\t\t\t\t<p>Postul de radio ofer\u0103 o varietate de emisiuni de rug\u0103ciune \u0219i medita\u021bie, care \u00eei \u00eencurajeaz\u0103 pe ascult\u0103tor<\/p>\t\t\t\t\t\t<\/div>\n\t\t\t\t<\/div>\n\t\t\t\t<div class=\"elementor-element elementor-element-e23dd15 elementor-widget elementor-widget-button\" data-id=\"e23dd15\" data-element_type=\"widget\" data-widget_type=\"button.default\">\n\t\t\t\t<div class=\"elementor-widget-container\">\n\t\t\t\t\t<div class=\"elementor-button-wrapper\">\n\t\t\t<a class=\"elementor-button elementor-button-link elementor-size-sm elementor-animation-grow\" href=\"#\">\n\t\t\t\t\t\t<span class=\"elementor-button-content-wrapper\">\n\t\t\t\t\t\t<span class=\"elementor-button-icon elementor-align-icon-right\">\n\t\t\t\t<svg aria-hidden=\"true\" class=\"e-font-icon-svg e-fas-arrow-right\" viewBox=\"0 0 448 512\" xmlns=\"http:\/\/www.w3.org\/2000\/svg\"><path d=\"M190.5 66.9l22.2-22.2c9.4-9.4 24.6-9.4 33.9 0L441 239c9.4 9.4 9.4 24.6 0 33.9L246.6 467.3c-9.4 9.4-24.6 9.4-33.9 0l-22.2-22.2c-9.5-9.5-9.3-25 .4-34.3L311.4 296H24c-13.3 0-24-10.7-24-24v-32c0-13.3 10.7-24 24-24h287.4L190.9 101.2c-9.8-9.3-10-24.8-.4-34.3z\"><\/path><\/svg>\t\t\t<\/span>\n\t\t\t\t\t\t\t\t\t<span class=\"elementor-button-text\">Read More<\/span>\n\t\t\t\t\t<\/span>\n\t\t\t\t\t<\/a>\n\t\t<\/div>\n\t\t\t\t<\/div>\n\t\t\t\t<\/div>\n\t\t\t\t<\/div>\n\t\t<div class=\"elementor-element elementor-element-819324f e-con-full e-flex e-con e-child\" data-id=\"819324f\" data-element_type=\"container\">\n\t\t\t\t<div class=\"elementor-element elementor-element-1116b15 elementor-widget elementor-widget-image\" data-id=\"1116b15\" data-element_type=\"widget\" data-widget_type=\"image.default\">\n\t\t\t\t<div class=\"elementor-widget-container\">\n\t\t\t\t\t\t\t\t\t\t\t\t\t<img decoding=\"async\" width=\"1024\" height=\"720\" src=\"https:\/\/radioemanuelcrestin.ro\/wp-content\/uploads\/2024\/04\/images-pexels-com-photos-1047442-pexels-photo-1047442-auto-compress-cs-tinysrgb-dpr-2-h-650-w-940-1024x720.webp\" class=\"attachment-large size-large wp-image-27367\" alt=\"\" srcset=\"https:\/\/radioemanuelcrestin.ro\/wp-content\/uploads\/2024\/04\/images-pexels-com-photos-1047442-pexels-photo-1047442-auto-compress-cs-tinysrgb-dpr-2-h-650-w-940-1024x720.webp 1024w, https:\/\/radioemanuelcrestin.ro\/wp-content\/uploads\/2024\/04\/images-pexels-com-photos-1047442-pexels-photo-1047442-auto-compress-cs-tinysrgb-dpr-2-h-650-w-940-300x211.webp 300w, https:\/\/radioemanuelcrestin.ro\/wp-content\/uploads\/2024\/04\/images-pexels-com-photos-1047442-pexels-photo-1047442-auto-compress-cs-tinysrgb-dpr-2-h-650-w-940-768x540.webp 768w, https:\/\/radioemanuelcrestin.ro\/wp-content\/uploads\/2024\/04\/images-pexels-com-photos-1047442-pexels-photo-1047442-auto-compress-cs-tinysrgb-dpr-2-h-650-w-940-1536x1079.webp 1536w, https:\/\/radioemanuelcrestin.ro\/wp-content\/uploads\/2024\/04\/images-pexels-com-photos-1047442-pexels-photo-1047442-auto-compress-cs-tinysrgb-dpr-2-h-650-w-940-600x422.webp 600w, https:\/\/radioemanuelcrestin.ro\/wp-content\/uploads\/2024\/04\/images-pexels-com-photos-1047442-pexels-photo-1047442-auto-compress-cs-tinysrgb-dpr-2-h-650-w-940.webp 1850w\" sizes=\"(max-width: 1024px) 100vw, 1024px\" \/>\t\t\t\t\t\t\t\t\t\t\t\t\t<\/div>\n\t\t\t\t<\/div>\n\t\t\t\t<div class=\"elementor-element elementor-element-1379159 elementor-widget elementor-widget-heading\" data-id=\"1379159\" data-element_type=\"widget\" data-widget_type=\"heading.default\">\n\t\t\t\t<div class=\"elementor-widget-container\">\n\t\t\t<h3 class=\"elementor-heading-title elementor-size-default\">Accesul la informa\u021bii privind evenimentele \u0219i activit\u0103\u021bile desf\u0103\u0219urate de Radio Emanuel Crestin.<\/h3>\t\t<\/div>\n\t\t\t\t<\/div>\n\t\t\t\t<div class=\"elementor-element elementor-element-33d6e9d elementor-widget elementor-widget-text-editor\" data-id=\"33d6e9d\" data-element_type=\"widget\" data-widget_type=\"text-editor.default\">\n\t\t\t\t<div class=\"elementor-widget-container\">\n\t\t\t\t\t\t\t<p>Prin intermediul paginii de internet a Radio Emanuel Crestin, publicul poate avea acces la informa\u021bii actualizate despre evenimentele \u0219i activit\u0103\u021bile<\/p>\t\t\t\t\t\t<\/div>\n\t\t\t\t<\/div>\n\t\t\t\t<div class=\"elementor-element elementor-element-3e936d9 elementor-widget elementor-widget-button\" data-id=\"3e936d9\" data-element_type=\"widget\" data-widget_type=\"button.default\">\n\t\t\t\t<div class=\"elementor-widget-container\">\n\t\t\t\t\t<div class=\"elementor-button-wrapper\">\n\t\t\t<a class=\"elementor-button elementor-button-link elementor-size-sm elementor-animation-grow\" href=\"#\">\n\t\t\t\t\t\t<span class=\"elementor-button-content-wrapper\">\n\t\t\t\t\t\t<span class=\"elementor-button-icon elementor-align-icon-right\">\n\t\t\t\t<svg aria-hidden=\"true\" class=\"e-font-icon-svg e-fas-arrow-right\" viewBox=\"0 0 448 512\" xmlns=\"http:\/\/www.w3.org\/2000\/svg\"><path d=\"M190.5 66.9l22.2-22.2c9.4-9.4 24.6-9.4 33.9 0L441 239c9.4 9.4 9.4 24.6 0 33.9L246.6 467.3c-9.4 9.4-24.6 9.4-33.9 0l-22.2-22.2c-9.5-9.5-9.3-25 .4-34.3L311.4 296H24c-13.3 0-24-10.7-24-24v-32c0-13.3 10.7-24 24-24h287.4L190.9 101.2c-9.8-9.3-10-24.8-.4-34.3z\"><\/path><\/svg>\t\t\t<\/span>\n\t\t\t\t\t\t\t\t\t<span class=\"elementor-button-text\">Read More<\/span>\n\t\t\t\t\t<\/span>\n\t\t\t\t\t<\/a>\n\t\t<\/div>\n\t\t\t\t<\/div>\n\t\t\t\t<\/div>\n\t\t\t\t<\/div>\n\t\t\t\t\t<\/div>\n\t\t\t\t<\/div>\n\t\t\t\t\t<\/div>\n\t\t\t\t<\/div>\n\t\t<div class=\"elementor-element elementor-element-f65b47d e-flex e-con-boxed e-con e-parent\" data-id=\"f65b47d\" data-element_type=\"container\">\n\t\t\t\t\t<div class=\"e-con-inner\">\n\t\t<div class=\"elementor-element elementor-element-421fb38 e-con-full e-flex e-con e-child\" data-id=\"421fb38\" data-element_type=\"container\">\n\t\t\t\t<div class=\"elementor-element elementor-element-2eafb0b elementor-widget elementor-widget-text-editor\" data-id=\"2eafb0b\" data-element_type=\"widget\" data-widget_type=\"text-editor.default\">\n\t\t\t\t<div class=\"elementor-widget-container\">\n\t\t\t\t\t\t\t<div class=\"c cf\"><div class=\"c-c cf\"><div class=\"b b-text cf\"><div class=\"b-c b-text-c b-s b-s-t60 b-s-b60 b-cs cf\"><ul><li>Emisiuni religioase<\/li><li>Emisiuni de predici \u0219i \u00eenv\u0103\u021b\u0103turi biblice<\/li><li>Muzic\u0103 cre\u0219tin\u0103<\/li><li>Rug\u0103ciuni \u0219i medita\u021bii<\/li><li>Mesaje motiva\u021bionale \u0219i \u00eencuraj\u0103ri<\/li><li>Programe pentru copii<\/li><li>Programe de \u00eenv\u0103\u021bare a unor abilit\u0103\u021bi practice, utile \u00een via\u021ba cre\u0219tin<\/li><li>Interac\u021biune cu ascult\u0103torii prin telefon sau mesaje<\/li><li>Emisiuni de cultur\u0103 \u0219i art\u0103 cre\u0219tin\u0103<\/li><li>Program de rug\u0103ciune \u00een comun cu ascult\u0103torii<\/li><li>Emisiuni de psihologie cre\u0219tin\u0103<\/li><li>Sfaturi \u0219i \u00eendrum\u0103ri pentru rela\u021bii interpersonale<\/li><li>Seriale radiofonice cre\u0219tine<\/li><li>Reportaje \u0219i interviuri cu personalit\u0103\u021bi cre\u0219tine<\/li><li>Emisiuni de dezvoltare personal\u0103 \u0219i spiritual\u0103<\/li><li>Transmisiuni live de slujbe religioase<\/li><li>Programe de educa\u021bie religioas\u0103<\/li><li>Servicii de consiliere \u0219i suport spiritual<\/li><\/ul><\/div><\/div><div class=\"b b-text cf\"><div class=\"b-c b-text-c b-s b-s-t60 b-s-b60 b-cs cf\">\u00a0<\/div><\/div><\/div><\/div><div class=\"c cf\"><div class=\"c-c cf\"><div class=\"b b-text cf\"><div class=\"b-c b-text-c b-s b-s-t60 b-s-b60 b-cs cf\">\u00a0<\/div><\/div><\/div><\/div>\t\t\t\t\t\t<\/div>\n\t\t\t\t<\/div>\n\t\t\t\t<\/div>\n\t\t<div class=\"elementor-element elementor-element-60dc07d e-con-full e-flex e-con e-child\" data-id=\"60dc07d\" data-element_type=\"container\">\n\t\t\t\t<div class=\"elementor-element elementor-element-4c4fb3a elementor-widget elementor-widget-text-editor\" data-id=\"4c4fb3a\" data-element_type=\"widget\" data-widget_type=\"text-editor.default\">\n\t\t\t\t<div class=\"elementor-widget-container\">\n\t\t\t\t\t\t\t<div class=\"c cf\"><div class=\"c-c cf\"><div class=\"b b-text cf\"><div class=\"b-c b-text-c b-s b-s-t60 b-s-b60 b-cs cf\"><ul><li>Emisiuni de parenting cre\u0219tin<\/li><li>Programe pentru tineri \u0219i adolescen\u021bi<\/li><li>Emisiuni de evanghelizare \u0219i m\u0103rturii ale credincio\u0219ilor<\/li><li>Program de promovare \u0219i sprijin pentru organiza\u021bii \u0219i ONG-uri cre\u0219tine<\/li><li>Emisiuni de istorie \u0219i teologie cre\u0219tin\u0103<\/li><li>Servicii de rug\u0103ciune \u0219i post pentru ascult\u0103tori<\/li><li>Emisiuni de discu\u021bii \u0219i dezbateri despre teme religioase<\/li><li>Program de ascultare \u0219i \u00eemp\u0103rt\u0103\u0219ire a problemelor \u0219i nevoilor ascult\u0103torilor<\/li><li>Emisiuni despre misiuni \u0219i evanghelizare<\/li><li>Programe de promovare a valorilor cre\u0219tine \u00een societate<\/li><li>Programe de informare \u0219i \u0219tiri din domeniul religios<\/li><li>Emisiuni de s\u0103n\u0103tate spiritual\u0103 \u0219i trupului<\/li><li>Emisiuni de apologetic\u0103 cre\u0219tin\u0103<\/li><li>Program pentru persoanele \u00een v\u00e2rst\u0103 \u0219i singuratici<\/li><li>Emisiuni de divertisment cre\u0219tin<\/li><li>Servicii de \u00eencurajare \u0219i sprijin pentru persoanele aflate \u00een dificultate<\/li><li>Programe de educa\u021bie financiar\u0103 cre\u0219tin\u0103<\/li><li>Servicii de informare \u0219i ajutor pentru persoanele s\u0103race \u0219i nevoia\u0219e din comunitate.<\/li><\/ul><\/div><\/div><\/div><\/div><div class=\"c cf\"><div class=\"c-c cf\"><div class=\"b b-text cf\"><div class=\"b-c b-text-c b-s b-s-t60 b-s-b60 b-cs cf\">\u00a0<\/div><\/div><div class=\"b b-text cf\"><div class=\"b-c b-text-c b-s b-s-t60 b-s-b60 b-cs cf\">\u00a0<\/div><\/div><\/div><\/div>\t\t\t\t\t\t<\/div>\n\t\t\t\t<\/div>\n\t\t\t\t<\/div>\n\t\t\t\t\t<\/div>\n\t\t\t\t<\/div>\n\t\t\t\t<\/div>\n\t\t","protected":false},"excerpt":{"rendered":"<p>Radio Emanuel Crestin \u00ef\u00bf\u00bdMuzica care te face mai bun\u00ef\u00bf\u00bd &#8211; \u00ef\u00bf\u00bdHristos e aici, la Radio Emanuel Crestin!\u00ef\u00bf\u00bd Servicii Emisiuni de muzic? cre?tin? &#8211; Radio Emanuel Crestin ofer? ascult?torilor s?i posibilitatea de a asculta \u00ef\u00bf\u00bdn fiecare zi muzic? cre?tin? de calitate, f?r? a pl?ti niciun cost suplimentar. &#8220;Radio Emanuel Crestin le ofer? ascult?torilor s?i bucuria de [&hellip;]<\/p>\n","protected":false},"author":1,"featured_media":0,"parent":0,"menu_order":0,"comment_status":"closed","ping_status":"closed","template":"","meta":{"_surecart_dashboard_logo_width":"180px","_surecart_dashboard_show_logo":true,"_surecart_dashboard_navigation_orders":true,"_surecart_dashboard_navigation_subscriptions":true,"_surecart_dashboard_navigation_downloads":true,"_surecart_dashboard_navigation_billing":true,"_surecart_dashboard_navigation_account":true,"_uag_custom_page_level_css":"","site-sidebar-layout":"default","site-content-layout":"page-builder","ast-site-content-layout":"full-width-container","site-content-style":"unboxed","site-sidebar-style":"unboxed","ast-global-header-display":"","ast-banner-title-visibility":"","ast-main-header-display":"","ast-hfb-above-header-display":"","ast-hfb-below-header-display":"","ast-hfb-mobile-header-display":"","site-post-title":"disabled","ast-breadcrumbs-content":"","ast-featured-img":"","footer-sml-layout":"","theme-transparent-header-meta":"disabled","adv-header-id-meta":"","stick-header-meta":"","header-above-stick-meta":"","header-main-stick-meta":"","header-below-stick-meta":"","astra-migrate-meta-layouts":"set","ast-page-background-enabled":"default","ast-page-background-meta":{"desktop":{"background-color":"","background-image":"","background-repeat":"repeat","background-position":"center center","background-size":"auto","background-attachment":"scroll","background-type":"","background-media":"","overlay-type":"","overlay-color":"","overlay-gradient":""},"tablet":{"background-color":"","background-image":"","background-repeat":"repeat","background-position":"center center","background-size":"auto","background-attachment":"scroll","background-type":"","background-media":"","overlay-type":"","overlay-color":"","overlay-gradient":""},"mobile":{"background-color":"","background-image":"","background-repeat":"repeat","background-position":"center center","background-size":"auto","background-attachment":"scroll","background-type":"","background-media":"","overlay-type":"","overlay-color":"","overlay-gradient":""}},"ast-content-background-meta":{"desktop":{"background-color":"var(--ast-global-color-5)","background-image":"","background-repeat":"repeat","background-position":"center center","background-size":"auto","background-attachment":"scroll","background-type":"","background-media":"","overlay-type":"","overlay-color":"","overlay-gradient":""},"tablet":{"background-color":"var(--ast-global-color-5)","background-image":"","background-repeat":"repeat","background-position":"center center","background-size":"auto","background-attachment":"scroll","background-type":"","background-media":"","overlay-type":"","overlay-color":"","overlay-gradient":""},"mobile":{"background-color":"var(--ast-global-color-5)","background-image":"","background-repeat":"repeat","background-position":"center center","background-size":"auto","background-attachment":"scroll","background-type":"","background-media":"","overlay-type":"","overlay-color":"","overlay-gradient":""}},"footnotes":""},"class_list":["post-26525","page","type-page","status-publish","hentry"],"uagb_featured_image_src":{"full":false,"thumbnail":false,"medium":false,"medium_large":false,"large":false,"1536x1536":false,"2048x2048":false,"woocommerce_thumbnail":false,"woocommerce_single":false,"woocommerce_gallery_thumbnail":false},"uagb_author_info":{"display_name":"admin","author_link":"https:\/\/radioemanuelcrestin.ro\/?author=1"},"uagb_comment_info":0,"uagb_excerpt":"Radio Emanuel Crestin \u00ef\u00bf\u00bdMuzica care te face mai bun\u00ef\u00bf\u00bd &#8211; \u00ef\u00bf\u00bdHristos e aici, la Radio Emanuel Crestin!\u00ef\u00bf\u00bd Servicii Emisiuni de muzic? cre?tin? &#8211; Radio Emanuel Crestin ofer? ascult?torilor s?i posibilitatea de a asculta \u00ef\u00bf\u00bdn fiecare zi muzic? cre?tin? de calitate, f?r? a pl?ti niciun cost suplimentar. &#8220;Radio Emanuel Crestin le ofer? ascult?torilor s?i bucuria de&hellip;","_links":{"self":[{"href":"https:\/\/radioemanuelcrestin.ro\/index.php?rest_route=\/wp\/v2\/pages\/26525"}],"collection":[{"href":"https:\/\/radioemanuelcrestin.ro\/index.php?rest_route=\/wp\/v2\/pages"}],"about":[{"href":"https:\/\/radioemanuelcrestin.ro\/index.php?rest_route=\/wp\/v2\/types\/page"}],"author":[{"embeddable":true,"href":"https:\/\/radioemanuelcrestin.ro\/index.php?rest_route=\/wp\/v2\/users\/1"}],"replies":[{"embeddable":true,"href":"https:\/\/radioemanuelcrestin.ro\/index.php?rest_route=%2Fwp%2Fv2%2Fcomments&post=26525"}],"version-history":[{"count":61,"href":"https:\/\/radioemanuelcrestin.ro\/index.php?rest_route=\/wp\/v2\/pages\/26525\/revisions"}],"predecessor-version":[{"id":27234,"href":"https:\/\/radioemanuelcrestin.ro\/index.php?rest_route=\/wp\/v2\/pages\/26525\/revisions\/27234"}],"wp:attachment":[{"href":"https:\/\/radioemanuelcrestin.ro\/index.php?rest_route=%2Fwp%2Fv2%2Fmedia&parent=26525"}],"curies":[{"name":"wp","href":"https:\/\/api.w.org\/{rel}","templated":true}]}}